{"id":1198,"date":"2019-01-07T10:32:57","date_gmt":"2019-01-07T09:32:57","guid":{"rendered":"https:\/\/www.mtp.org\/shop\/?page_id=1198"},"modified":"2021-03-03T23:05:27","modified_gmt":"2021-03-03T22:05:27","slug":"datenschutzerklaerung","status":"publish","type":"page","link":"https:\/\/www.mtp.org\/shop\/en\/datenschutzerklaerung\/","title":{"rendered":"Datenschutzerkl\u00e4rung"},"content":{"rendered":"<section class=\"l-section wpb_row height_medium\"><div class=\"l-section-h i-cf\"><div class=\"g-cols vc_row via_flex valign_top type_default stacking_default\"><div class=\"vc_col-sm-12 wpb_column vc_column_container\"><div class=\"vc_column-inner\"><div class=\"wpb_wrapper\"><div class=\"wpb_text_column\"><div class=\"wpb_wrapper\"><h1>Datenschutzerkl\u00e4rung<\/h1>\n<p>Vielen Dank f\u00fcr Ihr Interesse an unserem Unternehmen und Ihren Besuch auf unserer Website. Eine Nutzung unserer Website ist grunds\u00e4tzlich ohne Angabe personenbezogener Daten m\u00f6glich. Besondere Leistungen unserer Website k\u00f6nnten jedoch eine Verarbeitung personenbezogener Daten erfordern. Sollte eine Verarbeitung personenbezogener Daten erforderlich sein, besteht f\u00fcr die Verarbeitung entweder eine gesetzliche Grundlage oder wir holen eine Einwilligung ein. Dabei werden die Regelungen der Datenschutz-Grundverordnung und landesspezifische Datenschutzbestimmungen beachtet.<\/p>\n<p>Im Zuge dieser Datenschutzerkl\u00e4rung m\u00f6chte MTP &#8211; Marketing zwischen Theorie und Praxis e. V. \u00fcber Art, Umfang und Zweck der erhobenen, genutzten und verarbeiteten personenbezogenen Daten informieren und der Pflicht nach Transparenz nachkommen, insbesondere durch eine Aufkl\u00e4rung der Rechte von betroffenen Personen.<\/p>\n<h2>1. Kontaktdaten des Verantwortlichen und des Datenschutzbeauftragten<\/h2>\n<p>MTP &#8211; Marketing zwischen Theorie und Praxis e. V.<br \/>\nKr\u00f6gerstra\u00dfe 5<br \/>\n60313 Frankfurt am Main<br \/>\nDeutschland<\/p>\n<p>Tel.: 069 37 30 15 35<br \/>\nMail: info@mtp.org<br \/>\nWebsite: https:\/\/www.mtp.org\/<\/p>\n<p><strong>Datenschutzbeauftragte:<\/strong><\/p>\n<p>&nbsp;<\/p>\n<h2>2. Cookies<\/h2>\n<p>Auf <a href=\"https:\/\/www.mtp.org\/\">https:\/\/www.mtp.org\/<\/a> werden Cookies in Form von Session-IDs, Facebook-Plug-Ins und durch den Einsatz von Google Analytics verwendet. Rechtsgrundlage der Setzung von Cookies ist die nutzerfreundliche Gestaltung der Website sowie die Auswertung des Nutzungsverhaltens um Optimierungsbedarfe f\u00fcr die Website zu definieren (berechtigtes Interesse der Datenverarbeitung nach Art 6 Abs. 1 lit. f DSGVO).<\/p>\n<h3>2.1 Google Analytics<\/h3>\n<p>Diese Website benutzt Google Analytics, einen Webanalysedienst der Google Inc. (1600 Amphitheatre Parkway, Mountain View, CA 94043, USA). Google Analytics verwendet sogenannte \u201eCookies\u201c, Textdateien, die auf Ihrem Computer gespeichert werden und die eine Analyse der Benutzung der Website durch Sie erm\u00f6glicht. Die durch den Cookie erzeugten Informationen \u00fcber Ihre Benutzung dieser Website (einschlie\u00dflich Ihrer IP-Adresse), werden an einen Server von Google in den USA \u00fcbertragen und dort gespeichert.<br \/>\nGoogle wird\u00a0 diese Informationen benutzen, um Ihre Nutzung der Website auszuwerten, um Reports \u00fcber die Websiteaktivit\u00e4ten f\u00fcr Websitebetreiber zusammenzustellen und um weitere mit der Websitenutzung und der Internetnutzung verbundene Dienstleistung zu erbringen.<br \/>\nAls geeignete Garantie gem. Art. 46 DSGVO beachtet Google die Datenschutzbestimmungen des \u201ePrivacy Shield\u201c-Abkommens und ist beim \u201ePrivacy Shield\u201c-Programm des US-Handelsministeriums registriert. Google nutzt die gesammelten Informationen, um die Nutzung der Website auszuwerten, Berichte diesbez\u00fcglich zu verfassen und andere diesbez\u00fcgliche Dienstleistungen an MTP \u2013 Marketing zwischen Theorie und Praxis zu erbringen. Mehr erfahren Sie unter: <a href=\"https:\/\/support.google.com\/analytics\/answer\/6004245?hl=de\">https:\/\/support.google.com\/analytics\/answer\/6004245?hl=de<\/a><\/p>\n<h3>2.2 Facebook<\/h3>\n<p>Unsere Website verwendet Funktionen von Facebook Inc., 1601 S. California Ave, Palo Alto, CA 94304, USA. Bei Aufruf unserer Seiten mit Facebook-Plug-Ins wird eine Verbindung zwischen Ihrem Browser und den Servern von Facebook aufgebaut. Dabei werden bereits Daten an Facebook \u00fcbertragen. Besitzen Sie einen Facebook-Account, k\u00f6nnen diese Daten damit verkn\u00fcpft werden. Wenn Sie keine Zuordnung dieser Daten zu Ihrem Facebook-Account w\u00fcnschen, loggen Sie sich bitte vor dem Besuch unserer Seite bei Facebook aus. Interaktionen, insbesondere das Nutzen einer Kommentarfunktion oder das Anklicken eines \u201eLike\u201c- oder \u201eTeilen\u201c-Buttons werden ebenfalls an Facebook weitergegeben. Mehr erfahren Sie unter\u00a0<a href=\"https:\/\/de-de.facebook.com\/about\/privacy\">https:\/\/de-de.facebook.com\/about\/privacy<\/a>.<\/p>\n<p>Als geeignete Garantie gem. Art. 46 DSGVO beachtet Facebook Inc. die Datenschutzbestimmungen des \u201ePrivacy Shield\u201c-Abkommens und ist beim \u201ePrivacy Shield\u201c-Programm des US-Handelsministeriums registriert. Mehr erfahren Sie unter: <a href=\"https:\/\/de-de.facebook.com\/about\/privacyshield\">https:\/\/de-de.facebook.com\/about\/privacyshield<\/a><\/p>\n<p>&nbsp;<\/p>\n<h3>2.3 Twitter<\/h3>\n<p>Unsere Website verwendet Funktionen von Twitter, Inc., 1355 Market St, Suite 900, San Francisco, CA 94103, USA. Bei Aufruf unserer Seiten mit Twitter-Plug-Ins wird eine Verbindung zwischen Ihrem Browser und den Servern von Twitter aufgebaut. Dabei werden bereits Daten an Twitter \u00fcbertragen. Besitzen Sie einen Twitter-Account, k\u00f6nnen diese Daten damit verkn\u00fcpft werden. Wenn Sie keine Zuordnung dieser Daten zu Ihrem Twitter-Account w\u00fcnschen, loggen Sie sich bitte vor dem Besuch unserer Seite bei Twitter aus. Interaktionen, insbesondere das Anklicken eines \u201eRe-Tweet\u201c-Buttons werden ebenfalls an Twitter weitergegeben. Mehr erfahren Sie unter\u00a0<a href=\"https:\/\/twitter.com\/privacy\">https:\/\/twitter.com\/privacy<\/a><\/p>\n<p>Als geeignete Garantie gem. Art. 46 DSGVO beachtet Twitter die Datenschutzbestimmungen des \u201ePrivacy Shield\u201c-Abkommens und ist beim \u201ePrivacy Shield\u201c-Programm des US-Handelsministeriums registriert. Mehr erfahren Sie unter: <a href=\"https:\/\/twitter.com\/de\/privacy\">https:\/\/twitter.com\/de\/privacy<\/a><\/p>\n<h2>3. Erfassung von allgemeinen Informationen<\/h2>\n<p>Wir speichern automatisch in unseren Logdateien Informationen, die ihr Browser beim Seitenzugriff \u00fcbergibt. Dies sind:<\/p>\n<ul>\n<li>Browsertyp\/ und \u2013version<\/li>\n<li>verwendetes Betriebssystem<\/li>\n<li>Referer-URL (die zuvor besuchte Website)<\/li>\n<li>IP-Adresse des zugreifenden Rechners<\/li>\n<li>Uhrzeit sowie Datum der Serveranfrage<\/li>\n<\/ul>\n<p>Diese Daten dienen der statistischen Auswertung der Nutzung unseres Dienstes sowie der Missbrauchsbek\u00e4mpfung (insbesondere durch automatisierte Massenzugriffe) und sind f\u00fcr uns nicht bestimmten und\/oder bestimmbaren Personen zuordenbar (berechtigtes Interesse der Datenverarbeitung nach Art 6 Abs. 1 lit. f DSGVO). Eine Zusammenf\u00fchrung dieser Daten mit anderen Daten und Datenquellen wird nicht vorgenommen.<\/p>\n<p>&nbsp;<\/p>\n<h2>4. Kontaktm\u00f6glichkeit \u00fcber die Internetseite<\/h2>\n<p>Wenn eine betroffene Person per E-Mail den Kontakt mit MTP &#8211; Marketing zwischen Theorie und Praxis e. V. aufnimmt, werden die per E-Mail freiwillig kommunizierten \u00a0personenbezogenen Daten zum Zwecke der Bearbeitung bzw. Kontaktaufnahme automatisch gespeichert (berechtigtes Interesse der Datenverarbeitung nach Art 6 Abs. 1 lit. f DSGVO). Eine Weitergabe der personenbezogenen Daten an Dritte erfolgt nicht.<\/p>\n<h2>5. Zahlungsdienste<\/h2>\n<p>Auf Website <a href=\"https:\/\/www.mtp.org\/shop\/\">https:\/\/www.mtp.org\/shop\/<\/a> bieten wir die Bezahlung via Stripe und die damit verbundenen Bezahlmethoden an. Anbieter dieser Zahlungsdienste ist<\/p>\n<p>Stripe Payments Europe Ltd<br \/>\nBlock 4, Harcourt Centre<br \/>\nHarcourt Road<br \/>\nDublin 2<\/p>\n<p>Wenn Sie die Bezahlung via Stripe ausw\u00e4hlen, werden die von Ihnen eingegebenen Zahlungsdaten an Stripe \u00fcbermittelt.<\/p>\n<p>Die \u00dcbermittlung der personenbezogenen Daten an Stripe erfolgt auf Grundlage von Art. 6 Abs. 1 lit. b DSGVO (Verarbeitung zur Erf\u00fcllung eines Vertrags). Sie haben die M\u00f6glichkeit, Ihre Einwilligung zur Datenverarbeitung jederzeit zu widerrufen. Ein Widerruf wirkt sich auf die Wirksamkeit von in der Vergangenheit liegenden Datenverarbeitungsvorg\u00e4ngen nicht aus. Alle f\u00fcr die Zahlungsabwicklung erforderlichen Daten werden ausschlie\u00dflich f\u00fcr die Durchf\u00fchrung der Zahlungen verwendet und per \u201eSSL\u201c-Verfahren \u00fcbermittelt.<\/p>\n<p>Stripe ist nach PCI DSS zertifiziert. Stripe transferiert, verarbeitet und speichert gegebenenfalls personenbezogene Daten au\u00dferhalb der EU. Als geeignete Garantie gem. Art. 46 DSGVO beachtet Stripe Payments Europe Ltd. die Datenschutzbestimmungen des \u201ePrivacy Shield\u201c-Abkommens und ist beim \u201ePrivacy Shield\u201c-Programm des US-Handelsministeriums registriert. Mehr erfahren Sie unter: <a href=\"https:\/\/stripe.com\/privacy-shield-policy\">https:\/\/stripe.com\/privacy-shield-policy<\/a><\/p>\n<h2>6. L\u00f6schung und Sperrung von personenbezogenen Daten<\/h2>\n<p>Endet der Zweck einer Verarbeitung oder l\u00e4uft eine gesetzm\u00e4\u00dfig vorgeschriebene Speicher- bzw. Archivierungsfrist ab, so werden die personenbezogenen Daten entsprechend den gesetzlichen Vorschriften gel\u00f6scht oder gesperrt.<\/p>\n<h2>7. Rechte von betroffenen Personen<\/h2>\n<p>Alle folgenden Rechte von betroffenen Personen k\u00f6nnen jederzeit z. B. durch eine Anfrage per Mail an info@mtp.org in Anspruch genommen werden. Durch Ansprache per E-Mail oder Ansprache bei einem Mitarbeiter wird die Anfrage unverz\u00fcglich bearbeitet und durchgef\u00fchrt.<\/p>\n<h2>7.1 Dauer der Speicherung<\/h2>\n<p>Betroffene Personen haben das Recht eine Best\u00e4tigung dar\u00fcber zu verlangen, ob sie betreffende personenbezogene Daten verarbeitet werden.<\/p>\n<h2>7.2 Recht auf Auskunft<\/h2>\n<p>Betroffene Personen haben das Recht unentgeltlich eine Auskunft \u00fcber die sie betreffenden personenbezogenen Daten\u00a0 anzufordern und eine Kopie dieser zu erhalten. Neben der Kopie werden folgende Informationen zur Verf\u00fcgung gestellt:<\/p>\n<ul>\n<li>Verarbeitungszwecke<\/li>\n<li>Kategorien der personenbezogenen Daten<\/li>\n<li>Empf\u00e4nger bzw. Kategorien von Empf\u00e4ngern in Drittl\u00e4ndern oder internationalen Organisationen<\/li>\n<li>Falls m\u00f6glich, die geplante Dauer der Speicherung der personenbezogenen Daten und, falls dies nicht m\u00f6glich, die Kriterien zur Festlegung der Dauer<\/li>\n<li>Das Bestehen weiterer Betroffenenrechte, das Bestehen eines Beschwerderechts bei einer Aufsichtsbeh\u00f6rde<\/li>\n<li>Das Bestehen einer automatisierten Entscheidungsfindung einschlie\u00dflich Profiling<\/li>\n<li>Wenn die personenbezogenen Daten nicht bei der betroffenen Person erhoben wurden, alle verf\u00fcgbaren Informationen \u00fcber die Herkunft der Daten.<\/li>\n<\/ul>\n<p>Sollten die Daten zudem in ein Drittland oder eine internationale Organisation \u00fcbermittelt werden, werden geeignete Garantien, wie die Verwendung von EU-Standardvertragsklauseln, kommuniziert.<\/p>\n<h2>7.3 Recht auf Berichtigung<\/h2>\n<p>Betroffene Personen haben das Recht eine Berichtigung von unrichtigen personenbezogenen Daten zu verlangen und unter Ber\u00fccksichtigung der Zwecke der Verarbeitung eine Vervollst\u00e4ndigung unvollst\u00e4ndiger Daten zu verlangen.<\/p>\n<h2>7.4 Recht auf L\u00f6schung bzw. Recht auf Vergessenwerden<\/h2>\n<p>Betroffene Personen haben das Recht eine L\u00f6schung der sie betreffenden personenbezogenen Daten zu verlangen, welche nach Anforderung unverz\u00fcglich gel\u00f6scht werden, sofern einer der folgenden Gr\u00fcnde zutrifft und die Verarbeitung nicht erforderlich ist:<\/p>\n<ul>\n<li>Die personenbezogenen Daten wurden f\u00fcr Zwecke erhoben oder auf sonstige Art verarbeitet, f\u00fcr welche sie nicht mehr notwendig sind<\/li>\n<li>Die betroffene Person widerruft ihre Einwilligung zur Verarbeitung und es fehlt an einer anderweitigen Rechtsgrundlage f\u00fcr die Verarbeitung<\/li>\n<li>Die betroffene Person legt Widerspruch gegen die Verarbeitung ein und es liegen keine vorrangigen berechtigten Gr\u00fcnde f\u00fcr die Verarbeitung vor bzw. die betroffene Person legt Widerspruch gegen Direktwerbung ein<\/li>\n<li>Die personenbezogenen Daten wurden unrechtm\u00e4\u00dfig verarbeitet<\/li>\n<li>Die L\u00f6schung der Daten ist zur Erf\u00fcllung einer rechtlichen Verpflichtung erforderlich<\/li>\n<li>Die personenbezogenen Daten wurden in Bezug auf angebotene Dienste der Informationsgesellschaft gem\u00e4\u00df Art. 8 Abs. 1 DSGVO erhoben<\/li>\n<\/ul>\n<p>Hat MTP &#8211; Marketing zwischen Theorie und Praxis e. V. personenbezogene Daten der betroffenen Person \u00f6ffentlich gemacht und ist gem\u00e4\u00df Art. 17 Abs. 1 DSGVO zur L\u00f6schung verpflichtet, so trifft MTP &#8211; Marketing zwischen Theorie und Praxis e. V. unter Ber\u00fccksichtigung der verf\u00fcgbaren Technologie und der Implementierungskosten angemessene Ma\u00dfnahmen, um andere f\u00fcr die Datenverarbeitung Verantwortliche, welche die ver\u00f6ffentlichten personenbezogenen Daten verarbeiten, dar\u00fcber in Kenntnis zu setzen, dass die betroffene Person von diesen anderen f\u00fcr die Datenverarbeitung Verantwortlichen die L\u00f6schung s\u00e4mtlicher Links zu diesen personenbezogenen Daten oder von Kopien dieser personenbezogenen Daten verlangt hat, soweit die Verarbeitung nicht erforderlich ist.<\/p>\n<h2>7.5 Recht auf Einschr\u00e4nkung der Verarbeitung<\/h2>\n<p>Betroffene Personen haben das Recht auf Einschr\u00e4nkung der Verarbeitung, wenn eine der folgenden Voraussetzungen gegeben ist:<\/p>\n<ul>\n<li>Die Richtigkeit der personenbezogenen Daten wird von der betroffenen Person bestritten (f\u00fcr eine Dauer, die eine Pr\u00fcfung durch den Verantwortlichen zul\u00e4sst)<\/li>\n<li>Die Verarbeitung ist unrechtm\u00e4\u00dfig, jedoch lehnt die betroffene Person eine L\u00f6schung ab und verlangt eine Einschr\u00e4nkung der Nutzung<\/li>\n<li>Der Verantwortliche ben\u00f6tigt die Daten f\u00fcr die Zwecke der Verarbeitungen nicht mehr, die betroffene Person ben\u00f6tigt diese jedoch zur Geltendmachung oder Aus\u00fcbung bzw. Verteidigung von Rechtsanspr\u00fcchen<\/li>\n<li>Die betroffene Person hat Widerspruch gegen die Verarbeitung eingelegt und es steht noch nicht fest, ob die berechtigten Gr\u00fcnde des Verantwortlichen oder die schutzw\u00fcrdigen Interessen des Betroffenen \u00fcberwiegen<\/li>\n<\/ul>\n<h2>7.6 Recht auf Daten\u00fcbertragbarkeit<\/h2>\n<p>Betroffene Personen haben das Recht auf Daten\u00fcbertragbarkeit. Durch dieses Recht erhalten Betroffene den Anspruch, die sie betreffenden personenbezogenen Daten in einem strukturierten, g\u00e4ngigen und maschinenlesbaren Format zu erhalten. Die betroffene Person hat damit das Recht, diese Daten einem anderen Verantwortlichen zu \u00fcbermitteln bzw. die \u00dcbertragung von dem alten Verantwortlichen zum neuen Verantwortlichen anzufordern.<\/p>\n<h2>7.7 Recht auf Widerspruch<\/h2>\n<p>Die betroffene Person kann Widerspruch gegen die Datenverarbeitung einlegen, die auf Grundlage eines \u201eberechtigten Interesses\u201c erfolgt (Art. 6 Abs. 1 lit. f DSGVO). Dies hat zur Folge, dass die weitere Datenverarbeitung untersagt wird, es sein denn, er kann zwingende schutzw\u00fcrdige Gr\u00fcnde f\u00fcr die Verarbeitung nachweisen, die die Interessen, Rechte und Freiheiten der betroffenen Person \u00fcberwiegen, oder die Verarbeitung dient der Geltendmachung, Aus\u00fcbung oder Verteidigung von Rechtsanspr\u00fcchen. Verarbeitet MTP &#8211; Marketing zwischen Theorie und Praxis e. V. personenbezogene Daten zur Direktwerbung, so kann jederzeit Widerspruch eingelegt werden.<\/p>\n<h2>7.8 Automatisierte Entscheidungen im Einzelfall einschlie\u00dflich Profiling<\/h2>\n<p>Als verantwortungsbewusstes Unternehmen verzichten wir auf eine automatische Entscheidungsfindung oder ein Profiling.<\/p>\n<h2>7.9 Recht auf Widerruf<\/h2>\n<p>Betroffene Personen haben das Recht eine Einwilligung der Verarbeitung jederzeit zu widerrufen.<\/p>\n<h2>7.10 Beschwerderecht bei der Aufsichtsbeh\u00f6rde<\/h2>\n<p>Wenn Sie den Eindruck haben, dass die Verarbeitung Ihrer Daten gegen das Datenschutzrecht verst\u00f6\u00dft oder Ihre datenschutzrechtlichen Anspr\u00fcche in irgendeiner Form verletzt worden sind, k\u00f6nnen Sie sich bei der hessischen Aufsichtsbeh\u00f6rde beschweren: <a href=\"https:\/\/datenschutz.hessen.de\/service\/beschwerde\">https:\/\/datenschutz.hessen.de\/service\/beschwerde<\/a><\/p>\n<h2>8. Dauer der Speicherung<\/h2>\n<p>Die Dauer der Speicherung von personenbezogenen Daten ist von der entsprechenden gesetzlichen Aufbewahrungsfrist und dem Zweck der Verarbeitung abh\u00e4ngig. Sobald die gesetzliche Aufbewahrungsfrist abl\u00e4uft oder der Zweck der Verarbeitung erlischt, werden die personenbezogenen Daten gel\u00f6scht, sofern diese nicht zur Vertragserf\u00fcllung oder \u2013anbahnung erforderlich sind.<\/p>\n<h2>9. Empf\u00e4nger der personenbezigenen Daten<\/h2>\n<p>Neben Google Inc., Facebook und Twitter (siehe Punkte 2.1 \u2013 2.3 dieser Datenschutzerkl\u00e4rung) ist ein weiterer Empf\u00e4nger von personenbezogenen Daten dieser Website ALL-INKL.COM \u2013 Neue Medien M\u00fcnnich (<a href=\"http:\/\/www.all-inkl.com\">www.all-inkl.com<\/a>) durch das Webhosting dieser Website. Durch das Hosting kann es vorkommen, dass ALL-INKL.COM z. B. Zugriff auf Server-Logdaten erh\u00e4lt.<\/p>\n<\/div><\/div><\/div><\/div><\/div><\/div><\/div><\/section>","protected":false},"excerpt":{"rendered":"Datenschutzerkl\u00e4rung Vielen Dank f\u00fcr Ihr Interesse an unserem Unternehmen und Ihren Besuch auf unserer Website. Eine Nutzung unserer Website ist grunds\u00e4tzlich ohne Angabe personenbezogener Daten m\u00f6glich. Besondere Leistungen unserer Website k\u00f6nnten jedoch eine Verarbeitung personenbezogener Daten erfordern. Sollte eine Verarbeitung personenbezogener Daten erforderlich sein, besteht f\u00fcr die Verarbeitung entweder eine gesetzliche Grundlage oder wir holen...","protected":false},"author":85,"featured_media":0,"parent":0,"menu_order":0,"comment_status":"closed","ping_status":"closed","template":"","meta":{"_themeisle_gutenberg_block_has_review":false,"footnotes":""},"class_list":["post-1198","page","type-page","status-publish","hentry"],"_links":{"self":[{"href":"https:\/\/www.mtp.org\/shop\/en\/wp-json\/wp\/v2\/pages\/1198","targetHints":{"allow":["GET"]}}],"collection":[{"href":"https:\/\/www.mtp.org\/shop\/en\/wp-json\/wp\/v2\/pages"}],"about":[{"href":"https:\/\/www.mtp.org\/shop\/en\/wp-json\/wp\/v2\/types\/page"}],"author":[{"embeddable":true,"href":"https:\/\/www.mtp.org\/shop\/en\/wp-json\/wp\/v2\/users\/85"}],"replies":[{"embeddable":true,"href":"https:\/\/www.mtp.org\/shop\/en\/wp-json\/wp\/v2\/comments?post=1198"}],"version-history":[{"count":3,"href":"https:\/\/www.mtp.org\/shop\/en\/wp-json\/wp\/v2\/pages\/1198\/revisions"}],"predecessor-version":[{"id":15418,"href":"https:\/\/www.mtp.org\/shop\/en\/wp-json\/wp\/v2\/pages\/1198\/revisions\/15418"}],"wp:attachment":[{"href":"https:\/\/www.mtp.org\/shop\/en\/wp-json\/wp\/v2\/media?parent=1198"}],"curies":[{"name":"wp","href":"https:\/\/api.w.org\/{rel}","templated":true}]}}