{"id":26185,"date":"2026-03-30T18:00:18","date_gmt":"2026-03-30T16:00:18","guid":{"rendered":"https:\/\/www.mtp.org\/shop\/?post_type=product&#038;p=26185"},"modified":"2026-04-13T20:21:09","modified_gmt":"2026-04-13T18:21:09","slug":"gsv-duesseldorf-alumni","status":"publish","type":"product","link":"https:\/\/www.mtp.org\/shop\/en\/product\/gsv-duesseldorf-alumni\/","title":{"rendered":"GSV D\u00fcsseldorf &#8211; Alumni"},"content":{"rendered":"<p><span style=\"color: #cc99ff;\"><strong><span style=\"font-family: 'book antiqua', palatino, serif; font-size: 21px;\">Step into a new era<\/span><\/strong>!<\/span><\/p>\n<p>Erlebe eine <strong>unvergessliche Zeit in <span style=\"color: #cc99ff;\">D\u00fcsseldorf<\/span><\/strong>, mit spannenden <strong>Vortr\u00e4gen<\/strong>, lustigen <strong>Erlebnissen<\/strong> und Gelegenheiten zum <strong>Austausch<\/strong> und <strong>Netzwerken<\/strong>!<br \/>\nSei live vor Ort beim Gro\u00dfen Plenum dabei, um direkt die neuesten Updates mitzubekommen und die Zukunft von MTP nicht nur mitzuerleben, sondern auch mitzugestalten! \u2728<\/p>\n<p>\ud83d\udcc5 <strong><span style=\"color: #ad82d9;\">DATUM<\/span>:<\/strong><\/p>\n<ul>\n<li>11.06-14.06.2026 f\u00fcr alle 1. Vorsitzenden<\/li>\n<li>12.06-14.06.2026 f\u00fcr alle anderen Teilnehmenden<\/li>\n<\/ul>\n<p data-start=\"1015\" data-end=\"1100\">&#8212;&#8212;&#8211;<\/p>\n<p data-start=\"1015\" data-end=\"1100\">\u2b50Im Kern steht bei jeder <strong>Gesch\u00e4ftsstellenversammlung<\/strong> das, was unseren Verein ausmacht:<\/p>\n<ul data-start=\"1102\" data-end=\"1197\">\n<li data-section-id=\"1cxcs12\" data-start=\"1102\" data-end=\"1133\">\n<p data-start=\"1104\" data-end=\"1133\">Strategische Entscheidungen<\/p>\n<\/li>\n<li data-section-id=\"1h9x3y8\" data-start=\"1134\" data-end=\"1160\">\n<p data-start=\"1136\" data-end=\"1160\">Gemeinsame Ausrichtung<\/p>\n<\/li>\n<li data-section-id=\"13h1s0q\" data-start=\"1161\" data-end=\"1197\">\n<p data-start=\"1163\" data-end=\"1197\">Austausch und aktives Netzwerken<\/p>\n<\/li>\n<\/ul>\n<p>\ud83e\udd8b<span style=\"font-size: 16px;\"><em><strong>Freu dich auf eine spannende Veranstaltung und trete gemeinsam mit uns in eine neue \u00c4ra ein!<\/strong><\/em><\/span>\ud83e\udd8b<\/p>","protected":false},"excerpt":{"rendered":"<p>Step into a new era! Erlebe eine unvergessliche Zeit in D\u00fcsseldorf, mit spannenden Vortr\u00e4gen, lustigen Erlebnissen und Gelegenheiten zum Austausch und Netzwerken! Sei live vor Ort beim Gro\u00dfen Plenum dabei, um direkt die neuesten Updates mitzubekommen und die Zukunft von MTP nicht nur mitzuerleben, sondern auch mitzugestalten! \u2728 \ud83d\udcc5 DATUM: 11.06-14.06.2026 f\u00fcr alle 1. Vorsitzenden&#8230;<\/p>","protected":false},"author":764,"featured_media":26209,"template":"","meta":{"_themeisle_gutenberg_block_has_review":false},"product_brand":[],"product_cat":[31],"product_tag":[],"class_list":{"0":"post-26185","1":"product","2":"type-product","3":"status-publish","4":"has-post-thumbnail","6":"product_cat-gsv","8":"first","9":"instock","10":"sold-individually","11":"purchasable","12":"product-type-variable"},"_links":{"self":[{"href":"https:\/\/www.mtp.org\/shop\/en\/wp-json\/wp\/v2\/product\/26185","targetHints":{"allow":["GET"]}}],"collection":[{"href":"https:\/\/www.mtp.org\/shop\/en\/wp-json\/wp\/v2\/product"}],"about":[{"href":"https:\/\/www.mtp.org\/shop\/en\/wp-json\/wp\/v2\/types\/product"}],"author":[{"embeddable":true,"href":"https:\/\/www.mtp.org\/shop\/en\/wp-json\/wp\/v2\/users\/764"}],"wp:featuredmedia":[{"embeddable":true,"href":"https:\/\/www.mtp.org\/shop\/en\/wp-json\/wp\/v2\/media\/26209"}],"wp:attachment":[{"href":"https:\/\/www.mtp.org\/shop\/en\/wp-json\/wp\/v2\/media?parent=26185"}],"wp:term":[{"taxonomy":"product_brand","embeddable":true,"href":"https:\/\/www.mtp.org\/shop\/en\/wp-json\/wp\/v2\/product_brand?post=26185"},{"taxonomy":"product_cat","embeddable":true,"href":"https:\/\/www.mtp.org\/shop\/en\/wp-json\/wp\/v2\/product_cat?post=26185"},{"taxonomy":"product_tag","embeddable":true,"href":"https:\/\/www.mtp.org\/shop\/en\/wp-json\/wp\/v2\/product_tag?post=26185"}],"curies":[{"name":"wp","href":"https:\/\/api.w.org\/{rel}","templated":true}]}}